{"id":5,"date":"2021-10-30T17:39:47","date_gmt":"2021-10-30T17:39:47","guid":{"rendered":"http:\/\/localhost\/brijolina\/?page_id=5"},"modified":"2021-12-23T12:48:12","modified_gmt":"2021-12-23T12:48:12","slug":"home","status":"publish","type":"page","link":"http:\/\/www.brijolina.lt\/","title":{"rendered":"Pradinis"},"content":{"rendered":"\n<div class=\"wp-block-cover alignfull\" style=\"min-height:700px\"><img loading=\"lazy\" width=\"1366\" height=\"768\" class=\"wp-block-cover__image-background wp-image-127\" alt=\"\" src=\"http:\/\/www.brijolinalt.us.lt\/wp-content\/uploads\/2021\/12\/hero-copy.jpg\" style=\"object-position:50% 64%\" data-object-fit=\"cover\" data-object-position=\"50% 64%\" srcset=\"http:\/\/www.brijolina.lt\/wp-content\/uploads\/2021\/12\/hero-copy.jpg 1366w, http:\/\/www.brijolina.lt\/wp-content\/uploads\/2021\/12\/hero-copy-300x169.jpg 300w, http:\/\/www.brijolina.lt\/wp-content\/uploads\/2021\/12\/hero-copy-1024x576.jpg 1024w, http:\/\/www.brijolina.lt\/wp-content\/uploads\/2021\/12\/hero-copy-768x432.jpg 768w\" sizes=\"(max-width: 1366px) 100vw, 1366px\" \/><div class=\"wp-block-cover__inner-container\">\n<div style=\"height:80px\" aria-hidden=\"true\" class=\"wp-block-spacer\"><\/div>\n\n\n\n<h1 class=\"has-text-align-center has-text-color\" style=\"color:#121212\">J\u016bs\u0173 \u017einios &#8211; m\u016bs\u0173 pareiga!<\/h1>\n\n\n\n<p class=\"has-text-align-center has-text-color\" style=\"color:#121212;font-size:17px\">Pirmosios pagalbos, higienos \u012fg\u016bd\u017ei\u0173, alkoholio ir narkotik\u0173 \u017ealos kursai Marijampol\u0117s mieste.<\/p>\n\n\n\n<div class=\"wp-block-buttons is-content-justification-center\">\n<div class=\"wp-block-button is-style-primary\"><a class=\"wp-block-button__link\" href=\"http:\/\/brijolina.lt\/index.php\/apie-mus\/\">SU\u017dINOTI DAUGIAU<\/a><\/div>\n\n\n\n<div class=\"wp-block-button is-style-secondary\"><a class=\"wp-block-button__link\" href=\"http:\/\/brijolina.lt\/index.php\/kontaktai\/\">REGISTRUOTIS<\/a><\/div>\n<\/div>\n\n\n\n<div style=\"height:80px\" aria-hidden=\"true\" class=\"wp-block-spacer\"><\/div>\n\n\n\n<div style=\"height:80px\" aria-hidden=\"true\" class=\"wp-block-spacer\"><\/div>\n<\/div><\/div>\n\n\n\n<div style=\"height:80px\" aria-hidden=\"true\" class=\"wp-block-spacer\"><\/div>\n\n\n\n<div class=\"wp-block-columns\">\n<div class=\"wp-block-column\">\n<div class=\"wp-block-image icon-style is-style-default\"><figure class=\"aligncenter size-large is-resized\"><img loading=\"lazy\" src=\"http:\/\/brijolina.lt\/wp-content\/themes\/neve\/assets\/img\/starter-content\/icon-03.svg\" alt=\"\" width=\"48\" height=\"48\"\/><\/figure><\/div>\n\n\n\n<h3 class=\"has-text-align-center has-neve-text-color-color has-text-color\">Gera kaina!<\/h3>\n\n\n\n<p class=\"has-text-align-center\">U\u017etikriname, kad pasi\u016blysime Jums vienas geriausi\u0173 kain\u0173 rinkoje.<\/p>\n\n\n\n<div style=\"height:20px\" aria-hidden=\"true\" class=\"wp-block-spacer\"><\/div>\n<\/div>\n\n\n\n<div class=\"wp-block-column\">\n<div class=\"wp-block-image icon-style is-style-default\"><figure class=\"aligncenter size-large is-resized\"><img loading=\"lazy\" src=\"http:\/\/brijolina.lt\/wp-content\/themes\/neve\/assets\/img\/starter-content\/icon-02.svg\" alt=\"\" width=\"48\" height=\"48\"\/><\/figure><\/div>\n\n\n\n<h3 class=\"has-text-align-center has-neve-text-color-color has-text-color\">Kokyb\u0117!<\/h3>\n\n\n\n<p class=\"has-text-align-center\">Paslaugas suteiksime kokybi\u0161kai!<\/p>\n\n\n\n<div style=\"height:20px\" aria-hidden=\"true\" class=\"wp-block-spacer\"><\/div>\n<\/div>\n\n\n\n<div class=\"wp-block-column\">\n<div class=\"wp-block-image icon-style is-style-rounded\"><figure class=\"aligncenter size-large is-resized\"><img loading=\"lazy\" src=\"http:\/\/brijolina.lt\/wp-content\/themes\/neve\/assets\/img\/starter-content\/icon-01.svg\" alt=\"\" width=\"48\" height=\"48\"\/><\/figure><\/div>\n\n\n\n<h3 class=\"has-text-align-center has-neve-text-color-color has-text-color\">Greitis!<\/h3>\n\n\n\n<p class=\"has-text-align-center\">Nelaukite eil\u0117se, Jums pasirinkus reikiamus kursus &#8211; juos i\u0161klausykite jau po keletos dien\u0173.<\/p>\n\n\n\n<div style=\"height:20px\" aria-hidden=\"true\" class=\"wp-block-spacer\"><\/div>\n<\/div>\n<\/div>\n\n\n\n<div class=\"wp-block-cover alignfull has-nv-light-bg-background-color has-background-dim\" style=\"min-height:600px\"><div class=\"wp-block-cover__inner-container\">\n<div class=\"wp-block-group\"><div class=\"wp-block-group__inner-container\">\n<div style=\"height:80px\" aria-hidden=\"true\" class=\"wp-block-spacer\"><\/div>\n\n\n\n<div class=\"wp-block-columns are-vertically-aligned-center\">\n<div class=\"wp-block-column is-vertically-aligned-center\" style=\"flex-basis:50%\">\n<figure class=\"wp-block-image size-large is-resized is-style-rounded\"><img loading=\"lazy\" src=\"http:\/\/brijolina.lt\/wp-content\/themes\/neve\/assets\/img\/starter-content\/card-05.jpg\" alt=\"\" width=\"450\" height=\"450\"\/><\/figure>\n<\/div>\n\n\n\n<div class=\"wp-block-column is-vertically-aligned-center\" style=\"flex-basis:50%\">\n<div style=\"height:20px\" aria-hidden=\"true\" class=\"wp-block-spacer\"><\/div>\n\n\n\n<h2 class=\"has-text-align-left has-neve-text-color-color has-text-color\">Pirmosios pagalbos kursai<\/h2>\n\n\n\n<p class=\"has-text-align-left has-neve-text-color-color has-text-color\" style=\"font-size:17px\">Kursai, skirti vis\u0173 r\u016b\u0161i\u0173 ir kategorij\u0173 vairuotojams bei \u012fmoni\u0173 darbuotojams.<\/p>\n\n\n\n<div class=\"wp-block-buttons is-content-justification-left\">\n<div class=\"wp-block-button is-style-primary\"><a class=\"wp-block-button__link\" href=\"http:\/\/brijolina.lt\/index.php\/pirmosios-pagalbos-kursai\/\">SU\u017dINOTI DAUGIAU<\/a><\/div>\n<\/div>\n<\/div>\n<\/div>\n\n\n\n<div style=\"height:40px\" aria-hidden=\"true\" class=\"wp-block-spacer\"><\/div>\n<\/div><\/div>\n<\/div><\/div>\n\n\n\n<div class=\"wp-block-cover alignfull has-nv-site-bg-background-color has-background-dim\" style=\"min-height:600px\"><div class=\"wp-block-cover__inner-container\">\n<div class=\"wp-block-group\"><div class=\"wp-block-group__inner-container\">\n<div style=\"height:80px\" aria-hidden=\"true\" class=\"wp-block-spacer\"><\/div>\n\n\n\n<div class=\"wp-block-columns are-vertically-aligned-center\">\n<div class=\"wp-block-column is-vertically-aligned-center\" style=\"flex-basis:50%\">\n<h2 class=\"has-text-align-left has-neve-text-color-color has-text-color\">Higienos \u012fg\u016bd\u017ei\u0173 kursai<\/h2>\n\n\n\n<p class=\"has-text-align-left has-neve-text-color-color has-text-color\" style=\"font-size:17px\">Kursai, skirti asmenims, dirbantiems su maistu ar nuodingosiomis med\u017eiagomis, taip pat \u0161vietimo bei ugdymo \u012fstaig\u0173 darbuotojams, apgyvendinimo paslaugas teikiantiems ir kitiems asmenims.<\/p>\n\n\n\n<div class=\"wp-block-buttons is-content-justification-left\">\n<div class=\"wp-block-button is-style-primary\"><a class=\"wp-block-button__link\" href=\"http:\/\/brijolina.lt\/index.php\/higienos-igudziu-kursai\/\">SU\u017dINOTI DAUGIAU<\/a><\/div>\n<\/div>\n\n\n\n<div style=\"height:40px\" aria-hidden=\"true\" class=\"wp-block-spacer\"><\/div>\n<\/div>\n\n\n\n<div class=\"wp-block-column is-vertically-aligned-center\" style=\"flex-basis:50%\">\n<figure class=\"wp-block-image size-large is-resized is-style-rounded\"><img loading=\"lazy\" src=\"http:\/\/brijolina.lt\/wp-content\/themes\/neve\/assets\/img\/starter-content\/card-04.jpg\" alt=\"\" width=\"450\" height=\"450\"\/><\/figure>\n<\/div>\n<\/div>\n\n\n\n<div style=\"height:40px\" aria-hidden=\"true\" class=\"wp-block-spacer\"><\/div>\n<\/div><\/div>\n<\/div><\/div>\n\n\n\n<div class=\"wp-block-cover alignfull has-nv-dark-bg-background-color has-background-dim\" style=\"min-height:600px\"><div class=\"wp-block-cover__inner-container\">\n<div class=\"wp-block-group\"><div class=\"wp-block-group__inner-container\">\n<div style=\"height:80px\" aria-hidden=\"true\" class=\"wp-block-spacer\"><\/div>\n\n\n\n<div class=\"wp-block-columns are-vertically-aligned-center\">\n<div class=\"wp-block-column is-vertically-aligned-center\" style=\"flex-basis:50%\">\n<figure class=\"wp-block-image size-large is-resized is-style-rounded\"><img loading=\"lazy\" src=\"http:\/\/brijolina.lt\/wp-content\/themes\/neve\/assets\/img\/starter-content\/card-03.jpg\" alt=\"\" width=\"450\" height=\"450\"\/><\/figure>\n<\/div>\n\n\n\n<div class=\"wp-block-column is-vertically-aligned-center\" style=\"flex-basis:50%\">\n<div style=\"height:40px\" aria-hidden=\"true\" class=\"wp-block-spacer\"><\/div>\n\n\n\n<h2 class=\"has-text-align-left has-nv-text-dark-bg-color has-text-color\">Alkoholio ir narkotik\u0173 \u017ealos kursai<\/h2>\n\n\n\n<p class=\"has-text-align-left has-nv-text-dark-bg-color has-text-color\" style=\"font-size:17px\">Kursai, skirti asmenims, kurie b\u016bdami neblaiv\u016bs ar apsvaig\u0119 nuo narkotini\u0173 med\u017eiag\u0173, pa\u017eeid\u0117 Lietuvos Respublikos \u012fstatymus.<\/p>\n\n\n\n<div class=\"wp-block-buttons is-content-justification-left\">\n<div class=\"wp-block-button is-style-primary\"><a class=\"wp-block-button__link\" href=\"http:\/\/brijolina.lt\/index.php\/alkoholio-ir-narkotiku-zalos-kursai\/\">SU\u017dINOTI DAUGIAU<\/a><\/div>\n<\/div>\n<\/div>\n<\/div>\n\n\n\n<div style=\"height:40px\" aria-hidden=\"true\" class=\"wp-block-spacer\"><\/div>\n<\/div><\/div>\n<\/div><\/div>\n\n\n\n<div class=\"wp-block-cover alignfull has-nv-light-bg-background-color has-background-dim\" style=\"min-height:420px\"><div class=\"wp-block-cover__inner-container\">\n<div style=\"height:80px\" aria-hidden=\"true\" class=\"wp-block-spacer\"><\/div>\n\n\n\n<div class=\"wp-block-columns\">\n<div class=\"wp-block-column\">\n<figure class=\"wp-block-image size-large is-resized is-style-rounded\"><img loading=\"lazy\" src=\"http:\/\/brijolina.lt\/wp-content\/themes\/neve\/assets\/img\/starter-content\/team-03.jpg\" alt=\"\" width=\"80\" height=\"80\"\/><\/figure>\n\n\n\n<p class=\"has-text-align-left has-neve-text-color-color has-text-color has-normal-font-size\">\u201cD\u0117koju u\u017e profesionaliai ir informatyviai pravestus pirmosios pagalbos kursus.&#8221;<\/p>\n\n\n\n<p class=\"has-neve-text-color-color has-text-color\">DEIVIDAS<\/p>\n\n\n\n<div style=\"height:20px\" aria-hidden=\"true\" class=\"wp-block-spacer\"><\/div>\n<\/div>\n\n\n\n<div class=\"wp-block-column\">\n<figure class=\"wp-block-image size-large is-resized is-style-rounded\"><img loading=\"lazy\" src=\"http:\/\/brijolina.lt\/wp-content\/themes\/neve\/assets\/img\/starter-content\/team-01.jpg\" alt=\"\" width=\"80\" height=\"80\"\/><\/figure>\n\n\n\n<p class=\"has-text-align-left has-neve-text-color-color has-text-color has-normal-font-size\">\u201cTeko i\u0161klausyti higienos \u012fg\u016bd\u017ei\u0173 kursus &#8211; tik geriausi atsiliepimai.\u201d<\/p>\n\n\n\n<p class=\"has-neve-text-color-color has-text-color\">JOLITA<\/p>\n\n\n\n<div style=\"height:20px\" aria-hidden=\"true\" class=\"wp-block-spacer\"><\/div>\n<\/div>\n\n\n\n<div class=\"wp-block-column\">\n<figure class=\"wp-block-image size-large is-resized is-style-rounded\"><img loading=\"lazy\" src=\"http:\/\/brijolina.lt\/wp-content\/themes\/neve\/assets\/img\/starter-content\/team-02.jpg\" alt=\"\" width=\"80\" height=\"80\"\/><\/figure>\n\n\n\n<p class=\"has-text-align-left has-neve-text-color-color has-text-color has-normal-font-size\">\u201cJau ne pirm\u0105 kart\u0105 tenka naudotis paslaugomis. Rekomenduoju!\u201d<\/p>\n\n\n\n<p class=\"has-neve-text-color-color has-text-color\">MINDAUGAS<\/p>\n\n\n\n<div style=\"height:20px\" aria-hidden=\"true\" class=\"wp-block-spacer\"><\/div>\n<\/div>\n<\/div>\n\n\n\n<div style=\"height:30px\" aria-hidden=\"true\" class=\"wp-block-spacer\"><\/div>\n<\/div><\/div>\n\n\n\n<div class=\"wp-block-cover alignfull has-nv-dark-bg-background-color has-background-dim\" style=\"min-height:300px\"><div class=\"wp-block-cover__inner-container\">\n<div style=\"height:140px\" aria-hidden=\"true\" class=\"wp-block-spacer\"><\/div>\n\n\n\n<h2 class=\"has-text-align-center has-nv-text-dark-bg-color has-text-color\">Dirbkime kartu!<\/h2>\n\n\n\n<p class=\"has-text-align-center has-medium-font-size\">UAB &#8222;Brijolina&#8221; aktyviai dirba su kitomis \u012fmon\u0117mis ir \u012fstaigomis vedant pirmosios pagalbos, higienos \u012fg\u016bd\u017ei\u0173 bei alkoholio ir narkotik\u0173 \u017ealos kursus.<\/p>\n\n\n\n<div class=\"wp-block-buttons is-content-justification-center\">\n<div class=\"wp-block-button is-style-primary\"><a class=\"wp-block-button__link\" href=\"http:\/\/brijolina.lt\/index.php\/kontaktai\/\">SUSISIEKTI<\/a><\/div>\n<\/div>\n\n\n\n<div style=\"height:140px\" aria-hidden=\"true\" class=\"wp-block-spacer\"><\/div>\n<\/div><\/div>\n","protected":false},"excerpt":{"rendered":"<p>Gera kaina! U\u017etikriname, kad pasi\u016blysime Jums vienas geriausi\u0173 kain\u0173 rinkoje. Kokyb\u0117! Paslaugas suteiksime kokybi\u0161kai! Greitis! Nelaukite eil\u0117se, Jums pasirinkus reikiamus kursus &#8211; juos i\u0161klausykite jau po keletos dien\u0173.<\/p>\n","protected":false},"author":1,"featured_media":0,"parent":0,"menu_order":0,"comment_status":"closed","ping_status":"closed","template":"","meta":{"neve_meta_sidebar":"","neve_meta_container":"","neve_meta_enable_content_width":"on","neve_meta_content_width":100,"neve_meta_title_alignment":"","neve_meta_author_avatar":"","neve_post_elements_order":"","neve_meta_disable_header":"","neve_meta_disable_footer":"","neve_meta_disable_title":"on"},"_links":{"self":[{"href":"http:\/\/www.brijolina.lt\/index.php\/wp-json\/wp\/v2\/pages\/5"}],"collection":[{"href":"http:\/\/www.brijolina.lt\/index.php\/wp-json\/wp\/v2\/pages"}],"about":[{"href":"http:\/\/www.brijolina.lt\/index.php\/wp-json\/wp\/v2\/types\/page"}],"author":[{"embeddable":true,"href":"http:\/\/www.brijolina.lt\/index.php\/wp-json\/wp\/v2\/users\/1"}],"replies":[{"embeddable":true,"href":"http:\/\/www.brijolina.lt\/index.php\/wp-json\/wp\/v2\/comments?post=5"}],"version-history":[{"count":29,"href":"http:\/\/www.brijolina.lt\/index.php\/wp-json\/wp\/v2\/pages\/5\/revisions"}],"predecessor-version":[{"id":151,"href":"http:\/\/www.brijolina.lt\/index.php\/wp-json\/wp\/v2\/pages\/5\/revisions\/151"}],"wp:attachment":[{"href":"http:\/\/www.brijolina.lt\/index.php\/wp-json\/wp\/v2\/media?parent=5"}],"curies":[{"name":"wp","href":"https:\/\/api.w.org\/{rel}","templated":true}]}}